{"id":58,"date":"2013-07-10T20:39:31","date_gmt":"2013-07-10T20:39:31","guid":{"rendered":"http:\/\/localhost\/wp1\/?page_id=58"},"modified":"2014-09-22T12:53:37","modified_gmt":"2014-09-22T12:53:37","slug":"martial-school","status":"publish","type":"page","link":"https:\/\/ironfist.hu\/hu\/school-today\/martial-school\/","title":{"rendered":"A 6 harci m\u0171v\u00e9szet iskol\u00e1ja \u2014 \u00abVas\u00f6k\u00f6l\u00bb karate-klub"},"content":{"rendered":"<p>Ezeket a harci m\u0171v\u00e9szeteket tanulunk:<\/p>\n<ul>\n<li>Shotokan Karate-Do<\/li>\n<li>Harci Karate<\/li>\n<li>Aikid\u00f3<\/li>\n<li>Kend\u00f3<\/li>\n<li>Tamishi Vari<\/li>\n<li>Tai szab\u00e1ki<\/li>\n<\/ul>\n<p>A klubunk kereteiben k\u00f6vetkez\u0151 k\u00e9pz\u00e9sek \u00e9s speci\u00e1lis programok megszervez\u00e9s\u00e9re van lehet\u0151s\u00e9g:<\/p>\n<ul>\n<li>K\u00fcl\u00f6nb\u00f6z\u0151 kategori\u00e1j\u00fa \u0151r\u00f6k \u00e9s test\u0151r\u00f6k k\u00e9pz\u00e9se<\/li>\n<li>Alapvet\u0151 \u00f6nv\u00e9delmi k\u00e9pz\u00e9s f\u00e9rfiak \u00e9s n\u0151k sz\u00e1m\u00e1ra<\/li>\n<li>A fegyverzett t\u00e1mad\u00e1s elleni v\u00e9delem<\/li>\n<li>Harci technik\u00e1k speci\u00e1lis csapatok \u00e9s test\u0151r\u00f6k sz\u00e1m\u00e1ra<\/li>\n<li>Tapasztalat-csere programok \u00e9s vet\u00e9lked\u00e9sek megszervez\u00e9se m\u00e1s hazai \u00e9s k\u00fclf\u00f6ldi harcm\u0171v\u00e9szeti klubokkal<\/li>\n<\/ul>\n<p><\/p>","protected":false},"excerpt":{"rendered":"<p>Ezeket a harci m\u0171v\u00e9szeteket tanulunk: Shotokan Karate-Do Harci Karate Aikid\u00f3 Kend\u00f3 Tamishi Vari Tai szab\u00e1ki A klubunk kereteiben k\u00f6vetkez\u0151 k\u00e9pz\u00e9sek \u00e9s speci\u00e1lis programok megszervez\u00e9s\u00e9re van lehet\u0151s\u00e9g: K\u00fcl\u00f6nb\u00f6z\u0151 kategori\u00e1j\u00fa \u0151r\u00f6k \u00e9s test\u0151r\u00f6k k\u00e9pz\u00e9se Alapvet\u0151 \u00f6nv\u00e9delmi k\u00e9pz\u00e9s f\u00e9rfiak \u00e9s n\u0151k sz\u00e1m\u00e1ra A &hellip;<\/p>\n<p class=\"read-more\"> <a class=\"more-link\" href=\"https:\/\/ironfist.hu\/hu\/school-today\/martial-school\/\"> <span class=\"screen-reader-text\">A 6 harci m\u0171v\u00e9szet iskol\u00e1ja \u2014 \u00abVas\u00f6k\u00f6l\u00bb karate-klub<\/span> Tov\u00e1bb &raquo;<\/a><\/p>\n","protected":false},"author":1,"featured_media":0,"parent":35,"menu_order":520,"comment_status":"closed","ping_status":"closed","template":"","meta":{"footnotes":""},"class_list":["post-58","page","type-page","status-publish","hentry"],"_links":{"self":[{"href":"https:\/\/ironfist.hu\/hu\/wp-json\/wp\/v2\/pages\/58"}],"collection":[{"href":"https:\/\/ironfist.hu\/hu\/wp-json\/wp\/v2\/pages"}],"about":[{"href":"https:\/\/ironfist.hu\/hu\/wp-json\/wp\/v2\/types\/page"}],"author":[{"embeddable":true,"href":"https:\/\/ironfist.hu\/hu\/wp-json\/wp\/v2\/users\/1"}],"replies":[{"embeddable":true,"href":"https:\/\/ironfist.hu\/hu\/wp-json\/wp\/v2\/comments?post=58"}],"version-history":[{"count":2,"href":"https:\/\/ironfist.hu\/hu\/wp-json\/wp\/v2\/pages\/58\/revisions"}],"predecessor-version":[{"id":537,"href":"https:\/\/ironfist.hu\/hu\/wp-json\/wp\/v2\/pages\/58\/revisions\/537"}],"up":[{"embeddable":true,"href":"https:\/\/ironfist.hu\/hu\/wp-json\/wp\/v2\/pages\/35"}],"wp:attachment":[{"href":"https:\/\/ironfist.hu\/hu\/wp-json\/wp\/v2\/media?parent=58"}],"curies":[{"name":"wp","href":"https:\/\/api.w.org\/{rel}","templated":true}]}}