{"id":55,"date":"2013-07-10T20:37:05","date_gmt":"2013-07-10T20:37:05","guid":{"rendered":"http:\/\/localhost\/wp1\/?page_id=55"},"modified":"2016-01-21T12:04:27","modified_gmt":"2016-01-21T12:04:27","slug":"health-school","status":"publish","type":"page","link":"https:\/\/ironfist.hu\/hu\/school-today\/health-school\/","title":{"rendered":"&#8221;A test \u00e9s a l\u00e9lek \u00fajj\u00e1\u00e9leszt\u00e9se&#8221; egeszs\u00e9g-jav\u00edt\u00f3 m\u0171v\u00e9szet iskol\u00e1ja"},"content":{"rendered":"<p><\/p>\n<p align=\"JUSTIFY\">Edz\u0151i praktik\u00e1t folytatva Vadij\u00e1n Jurij &#8211; val\u00f3di tan\u00edt\u00f3 \u00e9s igaz mester l\u00e9v\u00e9n &#8211; p\u00e1rhuz\u00e1mosan az \u0151si keleti harci m\u0171v\u00e9szetek m\u00e1s fontos \u00f6sszetev\u0151 aspektusait saj\u00e1t\u00edtotta el \u00e9s tanulm\u00e1nyozta: a Hatha-J\u00f3g\u00e1t, autog\u00e9n tr\u00e9ninget, medit\u00e1ci\u00f3kat. Ily m\u00f3don kapott tud\u00e1s\u00e1t \u00e9s tapasztalat\u00e1t Jurij akarva-akaratlan\u00fal tan\u00edtv\u00e1nyai pszihol\u00f3giai \u00e9s fiziol\u00f3giai probl\u00e9m\u00e1inak a megold\u00e1s\u00e1ra ford\u00edtotta teljes sikerrel, ami lehet\u0151s\u00e9get adott az eg\u00e9sz tud\u00e1s\u00e1t \u00e9s tapasztalat\u00e1t egy olyan egys\u00e9ges \u00e9s \u00e1tfog\u00f3 eg\u00e9szs\u00e9gjav\u00edt\u00f3 rendszerr\u00e9 alak\u00edtani, amely k\u00e9pes a emberi szervezet rejtett er\u0151it felt\u00e1rni \u00e9s annak az \u00f6ngy\u00f3gy\u00edt\u00e1s\u00e1ra ford\u00edtani. Mester egyetlen tan\u00edtv\u00e1nya sem volt el\u00e9gedetlen az eredm\u00e9nnyel! T\u00f6bb tiz ember tapasztalata azt mutatja, hogy Vadij\u00e1n Jurijjal folytatott edz\u00e9seiknek k\u00f6sz\u00f6nhet\u0151en \u0151k ki tudtak gy\u00f3gy\u00falni a k\u00fcl\u00f6nf\u00e9le betegs\u00e9geikb\u0151l, megemelni a k\u00f6z\u00e9rzetet \u00e9s megn\u00f6velni a szervezet\u00fck immunit\u00e1s\u00e1t. Vide\u00f3-interjuk k\u00e9sz\u00edtett\u00e9k a magyar TV-ad\u00f3k Jurij m\u00f3dszer\u00e9r\u0151l, hat\u00e9konys\u00e1g\u00e1r\u00f3l, helyi magyar- \u00e9s orosznyelv\u0171 \u00fajs\u00e1gok irtak r\u00f3la, ezzel is seg\u00edtve a mai vil\u00e1g egyre aktu\u00e1lisabb probl\u00e9m\u00e1val szembeni harcot az emberis\u00e9g eg\u00e9szs\u00e9g\u00e9\u00e9rt.<\/p>\n<p>A sz\u00f3ban forg\u00f3 m\u00f3dszer k\u00f6vetkez\u0151 j\u00f3t\u00e9kony k\u00f6z\u00e9rzeti v\u00e1ltoz\u00e1sokat garant\u00e1l m\u0171vel\u0151je sz\u00e1m\u00e1ra:<\/p>\n<ul>\n<li>\u00e1ltal\u00e1nos munka-hat\u00e9konys\u00e1g, energikuss\u00e1g t\u00f6bbsz\u00f6r\u00f6s n\u00f6veked\u00e9se<\/li>\n<li>immunit\u00e1s n\u00f6veked\u00e9se<\/li>\n<li>\u00e1lmatlans\u00e1gt\u00f3l, kr\u00f3nikus f\u00e1rad\u00e9konys\u00e1gt\u00f3l, irrit\u00e1lts\u00e1gt\u00f3l val\u00f3 megszabadul\u00e1s<\/li>\n<li>v\u00e9rnyom\u00e1s helyre\u00e1ll\u00edt\u00e1sa, \u00e9rrendszer stabiliz\u00e1l\u00e1sa<\/li>\n<li>izmok \u00e9s iz\u00fcletek rugalmass\u00e1g\u00e1nak n\u00f6veked\u00e9se, reum\u00e1s jelleg\u0171 k\u00f3rokt\u00f3l, panaszokt\u00f3l val\u00f3 megszabadul\u00e1sa<\/li>\n<li>helyes mozg\u00e1skoordin\u00e1ci\u00f3 visszanyer\u00e9se<\/li>\n<li>edz\u00e9seken \u00f6sszes izomcsoportra val\u00f3 optim\u00e1lis terhel\u00e9s biztos\u00edt\u00e1sa<\/li>\n<li>der\u0171s \u00e9sz, lelki nyugalom \u00e9s eg\u00e9szs\u00e9ges \u00f6nbizalom visszanyer\u00e9se<\/li>\n<\/ul>\n<p>Egy\u00e9ni gy\u00f3gy\u00edt\u00f3 foglalkoz\u00e1sok:<\/p>\n<p align=\"JUSTIFY\">Szem\u00e9lyes megbesz\u00e9l\u00e9s alapj\u00e1n Jurij kidolgozza \u00e9s egyezteti a p\u00e1cienssel a sz\u00e1m\u00e1ra leghat\u00e9konyabb \u00e9s neki is megfelel\u0151 edz\u00e9si tervet a k\u00fcl\u00f6nf\u00e9le megbeteged\u00e9sek lek\u00fczd\u00e9s\u00e9re.<\/p>\n<p>Csoportos gy\u00f3gy\u00edt\u00f3 foglalkoz\u00e1sok:<\/p>\n<ul>\n<li>gy\u00f3gytorn\u00e1k egy-egy c\u00e9g, szervezet fizikailag passz\u00edv munk\u00e1t v\u00e9gz\u0151 alkamazottjainak<\/li>\n<li>gy\u00f3gytorn\u00e1k iskol\u00e1soknak fiziol\u00f3giai fejl\u0151d\u00e9s\u00fckben val\u00f3 k\u00fcl\u00f6nf\u00e9le jelleg\u0171 elt\u00e9r\u00e9sekkel<\/li>\n<\/ul>\n<p><\/p>","protected":false},"excerpt":{"rendered":"<p>Edz\u0151i praktik\u00e1t folytatva Vadij\u00e1n Jurij &#8211; val\u00f3di tan\u00edt\u00f3 \u00e9s igaz mester l\u00e9v\u00e9n &#8211; p\u00e1rhuz\u00e1mosan az \u0151si keleti harci m\u0171v\u00e9szetek m\u00e1s fontos \u00f6sszetev\u0151 aspektusait saj\u00e1t\u00edtotta el \u00e9s tanulm\u00e1nyozta: a Hatha-J\u00f3g\u00e1t, autog\u00e9n tr\u00e9ninget, medit\u00e1ci\u00f3kat. Ily m\u00f3don kapott tud\u00e1s\u00e1t \u00e9s tapasztalat\u00e1t Jurij akarva-akaratlan\u00fal &hellip;<\/p>\n<p class=\"read-more\"> <a class=\"more-link\" href=\"https:\/\/ironfist.hu\/hu\/school-today\/health-school\/\"> <span class=\"screen-reader-text\">&#8221;A test \u00e9s a l\u00e9lek \u00fajj\u00e1\u00e9leszt\u00e9se&#8221; egeszs\u00e9g-jav\u00edt\u00f3 m\u0171v\u00e9szet iskol\u00e1ja<\/span> Tov\u00e1bb &raquo;<\/a><\/p>\n","protected":false},"author":1,"featured_media":0,"parent":35,"menu_order":510,"comment_status":"closed","ping_status":"closed","template":"","meta":{"footnotes":""},"class_list":["post-55","page","type-page","status-publish","hentry"],"_links":{"self":[{"href":"https:\/\/ironfist.hu\/hu\/wp-json\/wp\/v2\/pages\/55"}],"collection":[{"href":"https:\/\/ironfist.hu\/hu\/wp-json\/wp\/v2\/pages"}],"about":[{"href":"https:\/\/ironfist.hu\/hu\/wp-json\/wp\/v2\/types\/page"}],"author":[{"embeddable":true,"href":"https:\/\/ironfist.hu\/hu\/wp-json\/wp\/v2\/users\/1"}],"replies":[{"embeddable":true,"href":"https:\/\/ironfist.hu\/hu\/wp-json\/wp\/v2\/comments?post=55"}],"version-history":[{"count":5,"href":"https:\/\/ironfist.hu\/hu\/wp-json\/wp\/v2\/pages\/55\/revisions"}],"predecessor-version":[{"id":557,"href":"https:\/\/ironfist.hu\/hu\/wp-json\/wp\/v2\/pages\/55\/revisions\/557"}],"up":[{"embeddable":true,"href":"https:\/\/ironfist.hu\/hu\/wp-json\/wp\/v2\/pages\/35"}],"wp:attachment":[{"href":"https:\/\/ironfist.hu\/hu\/wp-json\/wp\/v2\/media?parent=55"}],"curies":[{"name":"wp","href":"https:\/\/api.w.org\/{rel}","templated":true}]}}