{"id":35,"date":"2013-07-05T13:34:14","date_gmt":"2013-07-05T11:34:14","guid":{"rendered":"http:\/\/localhost\/wp1\/?page_id=35"},"modified":"2013-09-23T14:51:39","modified_gmt":"2013-09-23T14:51:39","slug":"school-today","status":"publish","type":"page","link":"https:\/\/ironfist.hu\/hu\/school-today\/","title":{"rendered":"Az iskola ma"},"content":{"rendered":"<p>Jelenleg Jurij Levonovics Budapesten vezeti a \u201cVas\u00f6k\u00f6l\u201d karate klub 14 emberb\u0151l \u00e1ll\u00f3 feln\u00f6tt karate csoportj\u00e1t.<\/p>\n<p align=\"JUSTIFY\">Minden tanul\u00f3 kitart\u00f3 k\u00e9szs\u00e9get \u00e9s v\u00e1gyat mutat arra, hogy a k\u00e9pess\u00e9geinek, tud\u00e1s\u00e1nak megfelel\u0151 hozz\u00e1j\u00e1rul\u00e1st illetve seg\u00edts\u00e9get ny\u00fajtson az iskola projektnek k\u00fcl\u00f6nb\u00f6z\u0151 feladatok ell\u00e1t\u00e1s\u00e1val, t\u00f6bbek k\u00f6zt \u00faj tagok toborz\u00e1s\u00e1ban val\u00f3 r\u00e9szv\u00e9tel.<\/p>\n<p><img loading=\"lazy\" decoding=\"async\" src=\"https:\/\/ironfist.hu\/wp-content\/uploads\/group-foto.jpg\" alt=\"group-foto\" width=\"720\" height=\"540\" class=\"aligncenter size-full wp-image-374\" srcset=\"https:\/\/ironfist.hu\/wp-content\/uploads\/group-foto.jpg 720w, https:\/\/ironfist.hu\/wp-content\/uploads\/group-foto-300x225.jpg 300w, https:\/\/ironfist.hu\/wp-content\/uploads\/group-foto-160x120.jpg 160w\" sizes=\"(max-width: 720px) 100vw, 720px\" \/><\/p>\n<p align=\"JUSTIFY\">Az iskola alap\u00edt\u00e1s\u00e1nak az \u00f6tlete m\u00e9g 2002-ben mer\u00fclt fel. Itt, Magyarorsz\u00e1gon sok embernek van sz\u00fcks\u00e9ge egys\u00e9ges fejl\u0151d\u00e9sre \u00e9s gy\u00f3gy\u00fal\u00e1sra. Egy f\u00fcggetlen iskola l\u00e9trehoz\u00e1sa m\u00e9rhetetlen\u00fcl t\u00f6bb, mint csup\u00e1n egyes emberek harcm\u0171v\u00e9szetekben illetve gy\u00f3gy\u00edt\u00e1sban val\u00f3 fejl\u0151d\u00e9s\u00e9nek a seg\u00edt\u00e9se. Egy er\u0151s szoci\u00e1lis b\u00e1zisk\u00e9nt fog szolg\u00e1lni, amely \u00f6sszek\u00f6ti az embereket az eg\u00e9szs\u00e9g-, \u00f6nfejl\u0151d\u00e9s-, kommunik\u00e1ci\u00f3- \u00e9s bar\u00e1ts\u00e1ghoz val\u00f3 v\u00e1ggyal.<\/p>\n<p align=\"JUSTIFY\">A harcm\u0171v\u00e9szeti iskol\u00e1nk m\u00e9lyen defenz\u00edv filoz\u00f3fi\u00e1t gyakorol, amely tiszteletben tartja az ember m\u00e9lt\u00f3s\u00e1g\u00e1t. Kem\u00e9ny \u00f6nuralom, kedvess\u00e9g, j\u00f3sz\u00edv\u00fcs\u00e9g, \u0151szintes\u00e9g, seg\u00edts\u00e9gny\u00fajt\u00e1si k\u00e9szs\u00e9g \u00e9s m\u00e1s hasonl\u00f3an gy\u00f6n\u00f6r\u0171 tulajdons\u00e1gokat tartjuk a \u201ekeleti harcm\u0171v\u00e9szetek szelleme\u201d-nek. Van k\u00e9pess\u00e9g\u00fcnk egeszs\u00e9ggel, eg\u00e9szs\u00e9ges \u00e9let \u00f6r\u00f6m\u00e9vel \u00e9s energi\u00e1val megaj\u00e1nd\u00e9kozni az emberek!<\/p>\n<p><\/p>","protected":false},"excerpt":{"rendered":"<p>Jelenleg Jurij Levonovics Budapesten vezeti a \u201cVas\u00f6k\u00f6l\u201d karate klub 14 emberb\u0151l \u00e1ll\u00f3 feln\u00f6tt karate csoportj\u00e1t. Minden tanul\u00f3 kitart\u00f3 k\u00e9szs\u00e9get \u00e9s v\u00e1gyat mutat arra, hogy a k\u00e9pess\u00e9geinek, tud\u00e1s\u00e1nak megfelel\u0151 hozz\u00e1j\u00e1rul\u00e1st illetve seg\u00edts\u00e9get ny\u00fajtson az iskola projektnek k\u00fcl\u00f6nb\u00f6z\u0151 feladatok ell\u00e1t\u00e1s\u00e1val, t\u00f6bbek k\u00f6zt &hellip;<\/p>\n<p class=\"read-more\"> <a class=\"more-link\" href=\"https:\/\/ironfist.hu\/hu\/school-today\/\"> <span class=\"screen-reader-text\">Az iskola ma<\/span> Tov\u00e1bb &raquo;<\/a><\/p>\n","protected":false},"author":1,"featured_media":0,"parent":0,"menu_order":500,"comment_status":"closed","ping_status":"closed","template":"","meta":{"footnotes":""},"class_list":["post-35","page","type-page","status-publish","hentry"],"_links":{"self":[{"href":"https:\/\/ironfist.hu\/hu\/wp-json\/wp\/v2\/pages\/35"}],"collection":[{"href":"https:\/\/ironfist.hu\/hu\/wp-json\/wp\/v2\/pages"}],"about":[{"href":"https:\/\/ironfist.hu\/hu\/wp-json\/wp\/v2\/types\/page"}],"author":[{"embeddable":true,"href":"https:\/\/ironfist.hu\/hu\/wp-json\/wp\/v2\/users\/1"}],"replies":[{"embeddable":true,"href":"https:\/\/ironfist.hu\/hu\/wp-json\/wp\/v2\/comments?post=35"}],"version-history":[{"count":2,"href":"https:\/\/ironfist.hu\/hu\/wp-json\/wp\/v2\/pages\/35\/revisions"}],"predecessor-version":[{"id":389,"href":"https:\/\/ironfist.hu\/hu\/wp-json\/wp\/v2\/pages\/35\/revisions\/389"}],"wp:attachment":[{"href":"https:\/\/ironfist.hu\/hu\/wp-json\/wp\/v2\/media?parent=35"}],"curies":[{"name":"wp","href":"https:\/\/api.w.org\/{rel}","templated":true}]}}