{"id":25,"date":"2013-06-02T00:18:58","date_gmt":"2013-06-02T00:18:58","guid":{"rendered":"http:\/\/localhost\/wp1\/?page_id=25"},"modified":"2014-09-22T12:52:36","modified_gmt":"2014-09-22T12:52:36","slug":"book","status":"publish","type":"page","link":"https:\/\/ironfist.hu\/hu\/book\/","title":{"rendered":"A k\u00f6nyv"},"content":{"rendered":"<p><\/p>\n<h2 class=\"entry-title pagetitle\">Vadij\u00e1nc Jurij \u201cTal\u00e1ld meg \u00d6nmagad!\u201d<\/h2>\n<h3>Visszajelz\u00e9sek<\/h3>\n<div class=\"revision\"><img loading=\"lazy\" decoding=\"async\" src=\"https:\/\/ironfist.hu\/wp-content\/uploads\/vadim_aristov-150x150.jpg\" alt=\"vadim_aristov\" width=\"150\" height=\"150\" class=\"alignleft size-thumbnail wp-image-361\" srcset=\"https:\/\/ironfist.hu\/wp-content\/uploads\/vadim_aristov-150x150.jpg 150w, https:\/\/ironfist.hu\/wp-content\/uploads\/vadim_aristov.jpg 200w\" sizes=\"(max-width: 150px) 100vw, 150px\" \/><\/p>\n<p><a href=\"https:\/\/ironfist.hu\/?page_id=116&#038;lang=hu\" title=\"Arisztov Vagyim \u00abBudapest \u00e9s Magyarorsz\u00e1g orosz vil\u00e1ga\u00bb\">Arisztov Vagyim \u00abBudapest \u00e9s Magyarorsz\u00e1g orosz vil\u00e1ga\u00bb-\u00e1ban<\/a><\/p>\n<\/div>\n<div class=\"revision\"><img loading=\"lazy\" decoding=\"async\" src=\"https:\/\/ironfist.hu\/wp-content\/uploads\/otets_ioann-150x150.jpg\" alt=\"otets_ioann\" width=\"150\" height=\"150\" class=\"alignleft size-thumbnail wp-image-354\" srcset=\"https:\/\/ironfist.hu\/wp-content\/uploads\/otets_ioann-150x150.jpg 150w, https:\/\/ironfist.hu\/wp-content\/uploads\/otets_ioann.jpg 200w\" sizes=\"(max-width: 150px) 100vw, 150px\" \/><\/p>\n<p><a href=\"https:\/\/ironfist.hu\/?page_id=120&#038;lang=hu\" title=\"A budapesti pravoszl\u00e1v templom vezet\u0151je \u2014 Ioann Atya\">A budapesti pravoszl\u00e1v templom vezet\u0151je \u2014 Ioann Atya<\/a><\/p>\n<\/div>\n<div class=\"revision\"><img loading=\"lazy\" decoding=\"async\" src=\"https:\/\/ironfist.hu\/wp-content\/uploads\/file_image.png\" alt=\"file_image\" width=\"150\" height=\"150\" class=\"alignleft size-thumbnail wp-image-353\" \/><\/p>\n<p><a href=\"https:\/\/ironfist.hu\/?page_id=123&#038;lang=hu\" title=\"F\u00f6ldi J\u00e1nos visszajelz\u00e9se\">F\u00f6ldi J\u00e1nos visszajelz\u00e9se<\/a><\/p>\n<\/div>\n<p align=center><a href=\"https:\/\/ironfist.hu\/wp-content\/uploads\/Talald_meg_Onmagad.pdf\" target=\"_blank\"><img loading=\"lazy\" decoding=\"async\" src=\"https:\/\/ironfist.hu\/wp-content\/uploads\/pdficon_large.png\" alt=\"pdficon_large\" width=\"32\" height=\"32\" class=\"alignnone size-full wp-image-355\" \/> A k\u00f6nyv let\u00f6lt\u00e9se (110 KB)<\/a><\/p>\n<p><\/p>","protected":false},"excerpt":{"rendered":"<p>Vadij\u00e1nc Jurij \u201cTal\u00e1ld meg \u00d6nmagad!\u201d Visszajelz\u00e9sek Arisztov Vagyim \u00abBudapest \u00e9s Magyarorsz\u00e1g orosz vil\u00e1ga\u00bb-\u00e1ban A budapesti pravoszl\u00e1v templom vezet\u0151je \u2014 Ioann Atya F\u00f6ldi J\u00e1nos visszajelz\u00e9se A k\u00f6nyv let\u00f6lt\u00e9se (110 KB)<\/p>\n","protected":false},"author":1,"featured_media":0,"parent":0,"menu_order":300,"comment_status":"closed","ping_status":"closed","template":"","meta":{"footnotes":""},"class_list":["post-25","page","type-page","status-publish","hentry"],"_links":{"self":[{"href":"https:\/\/ironfist.hu\/hu\/wp-json\/wp\/v2\/pages\/25"}],"collection":[{"href":"https:\/\/ironfist.hu\/hu\/wp-json\/wp\/v2\/pages"}],"about":[{"href":"https:\/\/ironfist.hu\/hu\/wp-json\/wp\/v2\/types\/page"}],"author":[{"embeddable":true,"href":"https:\/\/ironfist.hu\/hu\/wp-json\/wp\/v2\/users\/1"}],"replies":[{"embeddable":true,"href":"https:\/\/ironfist.hu\/hu\/wp-json\/wp\/v2\/comments?post=25"}],"version-history":[{"count":4,"href":"https:\/\/ironfist.hu\/hu\/wp-json\/wp\/v2\/pages\/25\/revisions"}],"predecessor-version":[{"id":548,"href":"https:\/\/ironfist.hu\/hu\/wp-json\/wp\/v2\/pages\/25\/revisions\/548"}],"wp:attachment":[{"href":"https:\/\/ironfist.hu\/hu\/wp-json\/wp\/v2\/media?parent=25"}],"curies":[{"name":"wp","href":"https:\/\/api.w.org\/{rel}","templated":true}]}}