{"id":216,"date":"2013-09-22T23:39:26","date_gmt":"2013-09-22T23:39:26","guid":{"rendered":"http:\/\/localhost\/wp1\/?page_id=216"},"modified":"2014-09-22T12:55:45","modified_gmt":"2014-09-22T12:55:45","slug":"squeeze-your-will","status":"publish","type":"page","link":"https:\/\/ironfist.hu\/hu\/about\/media\/squeeze-your-will\/","title":{"rendered":"Szoritsd \u00f6ssze az akaratodat Vas\u00f6k\u00f6lbe"},"content":{"rendered":"<p class=\"qtranxs-available-languages-message qtranxs-available-languages-message-hu\">Sajnos ennek a bejegyz\u00e9snek csak <a href=\"https:\/\/ironfist.hu\/ru\/wp-json\/wp\/v2\/pages\/216\" class=\"qtranxs-available-language-link qtranxs-available-language-link-ru\" title=\"\u0420\u0443\u0441\u0441\u043a\u0438\u0439\">\u0420\u0443\u0441\u0441\u043a\u0438\u0439<\/a> nyelv\u0171 v\u00e1ltozata van.<\/p>","protected":false},"excerpt":{"rendered":"<p>Sajnos ennek a bejegyz\u00e9snek csak \u0420\u0443\u0441\u0441\u043a\u0438\u0439 nyelv\u0171 v\u00e1ltozata van.<\/p>\n","protected":false},"author":1,"featured_media":0,"parent":179,"menu_order":716,"comment_status":"closed","ping_status":"closed","template":"","meta":{"footnotes":""},"class_list":["post-216","page","type-page","status-publish","hentry"],"_links":{"self":[{"href":"https:\/\/ironfist.hu\/hu\/wp-json\/wp\/v2\/pages\/216"}],"collection":[{"href":"https:\/\/ironfist.hu\/hu\/wp-json\/wp\/v2\/pages"}],"about":[{"href":"https:\/\/ironfist.hu\/hu\/wp-json\/wp\/v2\/types\/page"}],"author":[{"embeddable":true,"href":"https:\/\/ironfist.hu\/hu\/wp-json\/wp\/v2\/users\/1"}],"replies":[{"embeddable":true,"href":"https:\/\/ironfist.hu\/hu\/wp-json\/wp\/v2\/comments?post=216"}],"version-history":[{"count":2,"href":"https:\/\/ironfist.hu\/hu\/wp-json\/wp\/v2\/pages\/216\/revisions"}],"predecessor-version":[{"id":412,"href":"https:\/\/ironfist.hu\/hu\/wp-json\/wp\/v2\/pages\/216\/revisions\/412"}],"up":[{"embeddable":true,"href":"https:\/\/ironfist.hu\/hu\/wp-json\/wp\/v2\/pages\/179"}],"wp:attachment":[{"href":"https:\/\/ironfist.hu\/hu\/wp-json\/wp\/v2\/media?parent=216"}],"curies":[{"name":"wp","href":"https:\/\/api.w.org\/{rel}","templated":true}]}}