{"id":17,"date":"2013-06-01T23:03:55","date_gmt":"2013-06-01T21:03:55","guid":{"rendered":"http:\/\/localhost\/wp1\/?page_id=17"},"modified":"2013-09-23T14:22:40","modified_gmt":"2013-09-23T14:22:40","slug":"masters-biography","status":"publish","type":"page","link":"https:\/\/ironfist.hu\/hu\/masters-biography\/","title":{"rendered":"A mester \u00f6n\u00e9letrajza"},"content":{"rendered":"<p><figure id=\"attachment_352\" aria-describedby=\"caption-attachment-352\" style=\"width: 225px\" class=\"wp-caption alignleft\"><a href=\"https:\/\/ironfist.hu\/wp-content\/uploads\/master-foto.jpg\"><img loading=\"lazy\" decoding=\"async\" src=\"https:\/\/ironfist.hu\/wp-content\/uploads\/master-foto-225x300.jpg\" alt=\"Jurij Levonovics Vadij\u00e1n\" width=\"225\" height=\"300\" class=\"size-medium wp-image-352\" srcset=\"https:\/\/ironfist.hu\/wp-content\/uploads\/master-foto-225x300.jpg 225w, https:\/\/ironfist.hu\/wp-content\/uploads\/master-foto.jpg 540w\" sizes=\"(max-width: 225px) 100vw, 225px\" \/><\/a><figcaption id=\"caption-attachment-352\" class=\"wp-caption-text\">Jurij Levonovics Vadij\u00e1n<\/figcaption><\/figure><\/p>\n<p align=\"JUSTIFY\">Keleti harcm\u0171v\u00e9szetek nagymestere, edz\u0151, tan\u00e1r, aki \u00e9let\u00e9nek 40 \u00e9v\u00e9t \u0151si harci m\u0171v\u00e9szetnek \u00e9s Kelet \u0151si technik\u00e1k tanulm\u00e1nyoz\u00e1s\u00e1nak szentelte. \u00d6rm\u00e9ny sz\u00e1rmaz\u00e1s\u00fa, 1987 \u00f3ta csal\u00e1dj\u00e1val Magyarorsz\u00e1gon tart\u00f3zkodik.<\/p>\n<p align=\"JUSTIFY\">Karate 4-danos nemzetk\u00f6zi mestere, Karate-Do Shotokan, Tai-sobaki, Aikido, Kendo, Tamishi Vari \u00e9s m\u00e1s harci m\u0171v\u00e9szetek k\u00edv\u00e1l\u00f3 m\u0171vel\u0151je.<\/p>\n<p align=\"JUSTIFY\">K\u00e9t iskola \u00e9s k\u00e9t ir\u00e1nyzat alap\u00edt\u00f3ja \u00e9s feltal\u00e1l\u00f3ja:<\/p>\n<p align=\"JUSTIFY\"><strong>1.<\/strong> 6 harci m\u0171v\u00e9szet iskol\u00e1ja \u2014 \u00abVas\u00f6k\u00f6l\u00bb karate-klub \u2014 Magyarorsz\u00e1g 1996-os gy\u0151ztese, a vet\u00e9lked\u00e9s f\u0151 d\u00edj\u00e1nak \u2013 az \u00d6rmester Kup\u00e1nak, a nyertese.<\/p>\n<p align=\"JUSTIFY\"><strong>2.<\/strong> Egeszs\u00e9g-rekre\u00e1ci\u00f3s m\u0171v\u00e9szet iskol\u00e1ja \u2014 &#8222;Test \u00e9s l\u00e9lek \u00fajj\u00e1sz\u00fclet\u00e9se&#8221;. Alapjaiban Jurij Levonovics \u00e1ltal kifejlesztett saj\u00e1t eg\u00e9szs\u00e9gjav\u00edt\u00f3 m\u00f3dszer, ami a f\u0151 ir\u00e1nynak a test ujj\u00e1sz\u00fclet\u00e9s\u00e9t \u00e9s bels\u0151 ham\u00f3nia el\u00e9r\u00e9s\u00e9t elismer\u0151 \u0151si keleti (indiai, k\u00ednai, jap\u00e1n) technik\u00e1k fundament\u00e1lis b\u00e1zis\u00e1n alapszik.<\/p>\n<p align=\"JUSTIFY\"><strong>Fiatal kor\u00e1ban<\/strong> \u2014 kapott tagjel\u00f6lt birk\u00f3z\u00e1s sportmester\u00e9nek a c\u00edm\u00e9t, foglalkozott s\u00falyemel\u00e9ssel, \u00fasz\u00e1ssal, keleti harcm\u0171v\u00e9szetekkel, volt DOSAAF pil\u00f3ta.<\/p>\n<p align=\"JUSTIFY\"><strong>1979<\/strong> \u2014 a moszkvai Orsz\u00e1gos Edz\u0151k Semin\u00e1rium\u00e1n Jurij Levonovics r\u00e9szt vesz karate b\u00edr\u00f3jak\u00e9nt \u00e9s 21-es sz\u00e1m\u00fa edz\u0151i igazolv\u00e1nyt kap \u00e9s b\u00edr\u00f3i mand\u00e1tumot Szovjetuni\u00f3 \u00f6sszes nagyobb vet\u00e9lked\u00e9seire. Beleker\u00fclt Szovjetuni\u00f3 18 legjobb harcm\u0171v\u00e9szeti b\u00edr\u00f3 k\u00f6z\u00e9.<\/p>\n<p align=\"JUSTIFY\"><strong>1979 december<\/strong> \u2014 megnyitotta Szovjetuni\u00f3 els\u0151 karate vet\u00e9lked\u00e9s\u00e9t Tallinnban, tov\u00e1bb\u00e1 Moszkv\u00e1ban is. K\u00e9s\u0151bb megh\u00edvj\u00e1k az \u00f6sszes nagyob orsz\u00e1gos vet\u00e9lked\u00e9sre. Megkapta a k\u00f6zt\u00e1rsas\u00e1gi b\u00edr\u00f3i c\u00edmet. P\u00e1lyafut\u00e1s\u00e1t olyan koll\u00e9g\u00e1kkal kezdte, mint Orlov Jurij, Kaszj\u00e1n Tadeush, orsz\u00e1gos karate-b\u00edr\u00f3 Agajev Erik \u00e9s m\u00e1s kiemelked\u0151 szem\u00e9lyis\u00e9gekkel.<\/p>\n<p align=\"JUSTIFY\"><strong>1979\u20131990<\/strong> \u2014 SKA (Sportivnij Klub Armii &#8211; Hadsereg Sport Egyes\u00fclete) katonai r\u00e9sz\u00e9nek a f\u0151edz\u0151jek\u00e9nt dolgozik.<\/p>\n<p align=\"JUSTIFY\"><strong>1990<\/strong> \u2014 Jurij Levonovics megh\u00edv\u00e1sra csal\u00e1dj\u00e1val Magyarorsz\u00e1gra k\u00f6lt\u00f6zik,<\/p>\n<p align=\"JUSTIFY\"><strong>1994<\/strong> \u2014 orosz nagyk\u00f6vets\u00e9gi k\u00f6z\u00e9piskol\u00e1n\u00e1l karate-klubot alap\u00edt Magyarorsz\u00e1gon.<\/p>\n<p align=\"JUSTIFY\"><strong>1996<\/strong> \u2014 \u00abVas\u00f6k\u00f6l\u00bb lesz Magyarorsz\u00e1g bajnoka.<\/p>\n<p align=\"JUSTIFY\"><strong>1998<\/strong> \u2014 a klub ism\u00e9telt diadalmas gy\u0151zelme magyarorsz\u00e1g bajnoks\u00e1gon.<\/p>\n<p align=\"JUSTIFY\"><strong>1999<\/strong> \u2014 a klub elfoglalja a megtisztel\u0151 4-ik helyez\u00e9st az ifj\u00fas\u00e1gi karate-vil\u00e1gbajnoks\u00e1gon.<\/p>\n<p align=\"JUSTIFY\"><strong>2000<\/strong> \u2014 frissen vizsg\u00e1zott nemzetk\u00f6zi n\u00e9gydanos mestert magyar deleg\u00e1ci\u00f3 tagjak\u00e9nt k\u00fcldik Hollandi\u00e1ban rendezett Harcm\u0171v\u00e9szeti Vil\u00e1gkongresszus\u00e1ra.<\/p>\n<p align=\"JUSTIFY\"><strong>2003<\/strong> \u2014 \u00abVas\u00f6k\u00f6l\u00bb karate klub k\u00fcl\u00f6n cikket kapott \u00abOrosz Vilag Budapesten\u00bb c\u00edm\u0171 orosz nyelven megjelt enciklopedi\u00e1ban.<\/p>\n<p align=\"JUSTIFY\"><strong>2005<\/strong> \u2014 megjelent \u00abAz eg\u00e9szs\u00e9g- \u00e9s fiatals\u00e1g\u00e9rt\u00bb eg\u00e9szs\u00e9gjav\u00edt\u00f3 torna els\u0151 r\u00e9sze DVD-n. Ez a torna m\u00e1r sokaknak seg\u00edtett megszabadulni mindenf\u00e9le kr\u00f3nikus k\u00f3rokt\u00f3l \u00e9s \u00e1ltal\u00e1ban megfiatal\u00edtani a szervezetet.<\/p>\n<p align=\"JUSTIFY\"><strong>2009<\/strong> \u2014 megjelent \u00abVisszat\u00e9r\u00e9s \u00f6nmagadhoz\u00bb c\u00edm\u0171 k\u00f6nyt Jurij Levonovicsr\u00f3l \u00e9s az \u00e1ltala kifejlesztett m\u00f3dszerr\u0151l (szerkeszt\u0151k: Veres Katalin, Pavlenko Alexander).<\/p>\n<p align=\"JUSTIFY\"><strong>2010<\/strong> \u2014 dokumentum film-interju k\u00e9sz\u00fclt \u00abMi\u00e9rt pont Magyarorsz\u00e1g?\u00bb c\u00edm\u0171 Duna TV m\u0171sor kereteiben Jurij Levonovics- \u00e9s az iskol\u00e1j\u00e1r\u00f3l.<\/p>\n<p><\/p>","protected":false},"excerpt":{"rendered":"<p>Keleti harcm\u0171v\u00e9szetek nagymestere, edz\u0151, tan\u00e1r, aki \u00e9let\u00e9nek 40 \u00e9v\u00e9t \u0151si harci m\u0171v\u00e9szetnek \u00e9s Kelet \u0151si technik\u00e1k tanulm\u00e1nyoz\u00e1s\u00e1nak szentelte. \u00d6rm\u00e9ny sz\u00e1rmaz\u00e1s\u00fa, 1987 \u00f3ta csal\u00e1dj\u00e1val Magyarorsz\u00e1gon tart\u00f3zkodik. Karate 4-danos nemzetk\u00f6zi mestere, Karate-Do Shotokan, Tai-sobaki, Aikido, Kendo, Tamishi Vari \u00e9s m\u00e1s harci m\u0171v\u00e9szetek &hellip;<\/p>\n<p class=\"read-more\"> <a class=\"more-link\" href=\"https:\/\/ironfist.hu\/hu\/masters-biography\/\"> <span class=\"screen-reader-text\">A mester \u00f6n\u00e9letrajza<\/span> Tov\u00e1bb &raquo;<\/a><\/p>\n","protected":false},"author":1,"featured_media":0,"parent":0,"menu_order":200,"comment_status":"closed","ping_status":"open","template":"","meta":{"footnotes":""},"class_list":["post-17","page","type-page","status-publish","hentry"],"_links":{"self":[{"href":"https:\/\/ironfist.hu\/hu\/wp-json\/wp\/v2\/pages\/17"}],"collection":[{"href":"https:\/\/ironfist.hu\/hu\/wp-json\/wp\/v2\/pages"}],"about":[{"href":"https:\/\/ironfist.hu\/hu\/wp-json\/wp\/v2\/types\/page"}],"author":[{"embeddable":true,"href":"https:\/\/ironfist.hu\/hu\/wp-json\/wp\/v2\/users\/1"}],"replies":[{"embeddable":true,"href":"https:\/\/ironfist.hu\/hu\/wp-json\/wp\/v2\/comments?post=17"}],"version-history":[{"count":3,"href":"https:\/\/ironfist.hu\/hu\/wp-json\/wp\/v2\/pages\/17\/revisions"}],"predecessor-version":[{"id":381,"href":"https:\/\/ironfist.hu\/hu\/wp-json\/wp\/v2\/pages\/17\/revisions\/381"}],"wp:attachment":[{"href":"https:\/\/ironfist.hu\/hu\/wp-json\/wp\/v2\/media?parent=17"}],"curies":[{"name":"wp","href":"https:\/\/api.w.org\/{rel}","templated":true}]}}