{"id":123,"date":"2013-09-22T11:50:28","date_gmt":"2013-09-22T09:50:28","guid":{"rendered":"http:\/\/localhost\/wp1\/?page_id=123"},"modified":"2014-09-22T12:51:33","modified_gmt":"2014-09-22T12:51:33","slug":"review-foldi","status":"publish","type":"page","link":"https:\/\/ironfist.hu\/hu\/book\/review-foldi\/","title":{"rendered":"F\u00f6ldi J\u00e1nos visszajelz\u00e9se"},"content":{"rendered":"<p><\/p>\n<p align=\"JUSTIFY\">Kedves Leon!<\/p>\n<p align=\"JUSTIFY\">Elolvastam a k\u00f6nyvaj\u00e1nl\u00f3t. Sajnos!! Nagyon tetszik, \u00e9s ez a baj! :))<\/p>\n<p align=\"JUSTIFY\">Ilyenkor mindig el\u0151j\u00f6n bel\u0151lem, hogy \u00e9n ezt akarom csin\u00e1lni. Tudom, t\u00f6bbsz\u00f6r mondta, felaj\u00e1nlotta, hogy keressem meg az \u00e9desapj\u00e1t, \u00e9s csak rajtam m\u00falik a dolog.<\/p>\n<p align=\"JUSTIFY\">Ahogy olvastam bennem is megfogalmaz\u00f3dott, hogy mi itt Magyarorsz\u00e1gon, vagy t\u00e1gabban nyugaton eg\u00e9sz \u00e9let\u00fcnket azzal t\u00f6ltj\u00fck, hogy k\u00fczdj\u00fcnk, harcoljunk, de nem a lelk\u00fcnk\u00e9rt, a szem\u00e9lyis\u00e9g\u00fcnk\u00e9rt, hanem a p\u00e9nz\u00e9rt, az\u00e9rt, hogy a k\u00fcls\u0151dleges dolgokb\u00f3l min\u00e9l t\u00f6bbet megszerezz\u00fcnk, ne maradjunk le a t\u00f6bbiekt\u0151l. \u00c9s k\u00f6zben elfelejtj\u00fck azt a bels\u0151 h\u00edv\u00e1st, hogy magunkba n\u00e9zz\u00fcnk \u00e9s foglalkozzunk saj\u00e1t bens\u0151 harm\u00f3ni\u00e1nkkal. De egy id\u0151 ut\u00e1n ez a v\u00e1gy mindenkiben megjelenik, ez\u00e9rt is fordulunk a keleti filoz\u00f3fi\u00e1k, a j\u00f3ga, a karate \u00e9s m\u00e1s hasonl\u00f3k fel\u00e9. \u00c9s itt megjelenik a konfliktus, mert v\u00e1gy\u00f3dunk a harm\u00f3ni\u00e1ra, \u00e9s k\u00f6zben kifel\u00e9 fenn akarjuk tartani a megszokott harm\u00f3ni\u00e1tlan \u00e9let\u00fcnket, mert \u00fagy \u00e9rezz\u00fck, hogy fenn kell tartani, k\u00fcl\u00f6nben lemaradunk, nem lesz p\u00e9nz\u00fcnk, mi lesz vel\u00fcnk.<\/p>\n<p align=\"JUSTIFY\">Sz\u00f3val bennem is hasonl\u00f3 k\u00e9ts\u00e9gek vannak. \u00c9s ez\u00e9rt \u00edrtam, hogy &#8222;sajnos&#8221;, hogy elolvastam. Megint felkeltette bennem a v\u00e1gyat, hogy megkeressem az \u00e9desapj\u00e1t \u00e9s megk\u00e9rjem, hogy tan\u00edtson. \u00c9s k\u00f6zben \u00fagy \u00e9rzem, hogy nincs idom erre, illet\u0151leg mikor lenne r\u00e1 id\u0151. Azt hiszem, hogy erre a k\u00f6nyvre nagy sz\u00fcks\u00e9g van, hogy min\u00e9l t\u00f6bb emberben fel\u00e9bressze ezt a v\u00e1gyakoz\u00e1st, \u00e9s min\u00e9l t\u00f6bb embert r\u00e1\u00e9bresszen, hogy v\u00e1ltoztatnia kell.<\/p>\n<p align=\"JUSTIFY\">K\u00f6sz\u00f6n\u00f6m, hogy elk\u00fcldte! (a k\u00f6nyvet)<\/p>\n<p align=\"JUSTIFY\">Azt hiszem, hogy m\u00e9gis csak er\u0151t veszek rossz szok\u00e1saimon \u00e9s nagy tisztelettel fel fogom keresni \u00e9desapj\u00e1t.<\/p>\n<p align=\"RIGHT\"><strong>dr. F\u00f6ldi J\u00e1nos<\/strong><\/p>\n<p><\/p>","protected":false},"excerpt":{"rendered":"<p>Kedves Leon! Elolvastam a k\u00f6nyvaj\u00e1nl\u00f3t. Sajnos!! Nagyon tetszik, \u00e9s ez a baj! :)) Ilyenkor mindig el\u0151j\u00f6n bel\u0151lem, hogy \u00e9n ezt akarom csin\u00e1lni. Tudom, t\u00f6bbsz\u00f6r mondta, felaj\u00e1nlotta, hogy keressem meg az \u00e9desapj\u00e1t, \u00e9s csak rajtam m\u00falik a dolog. Ahogy olvastam bennem &hellip;<\/p>\n<p class=\"read-more\"> <a class=\"more-link\" href=\"https:\/\/ironfist.hu\/hu\/book\/review-foldi\/\"> <span class=\"screen-reader-text\">F\u00f6ldi J\u00e1nos visszajelz\u00e9se<\/span> Tov\u00e1bb &raquo;<\/a><\/p>\n","protected":false},"author":1,"featured_media":0,"parent":25,"menu_order":330,"comment_status":"closed","ping_status":"open","template":"","meta":{"footnotes":""},"class_list":["post-123","page","type-page","status-publish","hentry"],"_links":{"self":[{"href":"https:\/\/ironfist.hu\/hu\/wp-json\/wp\/v2\/pages\/123"}],"collection":[{"href":"https:\/\/ironfist.hu\/hu\/wp-json\/wp\/v2\/pages"}],"about":[{"href":"https:\/\/ironfist.hu\/hu\/wp-json\/wp\/v2\/types\/page"}],"author":[{"embeddable":true,"href":"https:\/\/ironfist.hu\/hu\/wp-json\/wp\/v2\/users\/1"}],"replies":[{"embeddable":true,"href":"https:\/\/ironfist.hu\/hu\/wp-json\/wp\/v2\/comments?post=123"}],"version-history":[{"count":5,"href":"https:\/\/ironfist.hu\/hu\/wp-json\/wp\/v2\/pages\/123\/revisions"}],"predecessor-version":[{"id":554,"href":"https:\/\/ironfist.hu\/hu\/wp-json\/wp\/v2\/pages\/123\/revisions\/554"}],"up":[{"embeddable":true,"href":"https:\/\/ironfist.hu\/hu\/wp-json\/wp\/v2\/pages\/25"}],"wp:attachment":[{"href":"https:\/\/ironfist.hu\/hu\/wp-json\/wp\/v2\/media?parent=123"}],"curies":[{"name":"wp","href":"https:\/\/api.w.org\/{rel}","templated":true}]}}