{"id":116,"date":"2013-09-22T11:34:17","date_gmt":"2013-09-22T11:34:17","guid":{"rendered":"http:\/\/localhost\/wp1\/?page_id=116"},"modified":"2014-09-22T12:49:06","modified_gmt":"2014-09-22T12:49:06","slug":"review-aristov","status":"publish","type":"page","link":"https:\/\/ironfist.hu\/hu\/book\/review-aristov\/","title":{"rendered":"Arisztov V. a \u00abBudapest \u00e9s Magyarorsz\u00e1g orosz vil\u00e1ga\u00bb-ban"},"content":{"rendered":"<p class=\"qtranxs-available-languages-message qtranxs-available-languages-message-hu\">Sajnos ennek a bejegyz\u00e9snek csak <a href=\"https:\/\/ironfist.hu\/ru\/wp-json\/wp\/v2\/pages\/116\" class=\"qtranxs-available-language-link qtranxs-available-language-link-ru\" title=\"\u0420\u0443\u0441\u0441\u043a\u0438\u0439\">\u0420\u0443\u0441\u0441\u043a\u0438\u0439<\/a> nyelv\u0171 v\u00e1ltozata van.<\/p>","protected":false},"excerpt":{"rendered":"<p>Sajnos ennek a bejegyz\u00e9snek csak \u0420\u0443\u0441\u0441\u043a\u0438\u0439 nyelv\u0171 v\u00e1ltozata van.<\/p>\n","protected":false},"author":1,"featured_media":0,"parent":25,"menu_order":310,"comment_status":"closed","ping_status":"closed","template":"","meta":{"footnotes":""},"class_list":["post-116","page","type-page","status-publish","hentry"],"_links":{"self":[{"href":"https:\/\/ironfist.hu\/hu\/wp-json\/wp\/v2\/pages\/116"}],"collection":[{"href":"https:\/\/ironfist.hu\/hu\/wp-json\/wp\/v2\/pages"}],"about":[{"href":"https:\/\/ironfist.hu\/hu\/wp-json\/wp\/v2\/types\/page"}],"author":[{"embeddable":true,"href":"https:\/\/ironfist.hu\/hu\/wp-json\/wp\/v2\/users\/1"}],"replies":[{"embeddable":true,"href":"https:\/\/ironfist.hu\/hu\/wp-json\/wp\/v2\/comments?post=116"}],"version-history":[{"count":4,"href":"https:\/\/ironfist.hu\/hu\/wp-json\/wp\/v2\/pages\/116\/revisions"}],"predecessor-version":[{"id":407,"href":"https:\/\/ironfist.hu\/hu\/wp-json\/wp\/v2\/pages\/116\/revisions\/407"}],"up":[{"embeddable":true,"href":"https:\/\/ironfist.hu\/hu\/wp-json\/wp\/v2\/pages\/25"}],"wp:attachment":[{"href":"https:\/\/ironfist.hu\/hu\/wp-json\/wp\/v2\/media?parent=116"}],"curies":[{"name":"wp","href":"https:\/\/api.w.org\/{rel}","templated":true}]}}